{"id":938,"date":"2018-11-04T18:52:40","date_gmt":"2018-11-04T18:52:40","guid":{"rendered":"https:\/\/preview.reportage.alpeninitiative.ch\/fr\/unterstuetzung\/"},"modified":"2018-11-21T14:28:36","modified_gmt":"2018-11-21T14:28:36","slug":"soutien","status":"publish","type":"page","link":"https:\/\/reportage.proalps.ch\/fr\/soutien\/","title":{"rendered":"Soutien"},"content":{"rendered":"<p>Ce reportage a \u00e9t\u00e9 financ\u00e9 en grande partie gr\u00e2ce aux gains d&rsquo;un financement participatif auquel ont pris part plus de 250 personnes.<\/p>\n<p>Un grand merci \u00e0 tous ceux dont le soutien \u00e0 permis sa r\u00e9alisation. Nous aimerions nommer les personnes suivantes en r\u00e9compense de leur contribution au financement participatif\u00a0:<\/p>\n<p>Rudolf Balmer, Marei Bollinger, Fabio Bontadina, Hugo Fessler, Beat Heeb, Marco Kuhn, Diane Patry, Ueli Pfister, Bernard Rambert, Thomas Schubiger, Esther Ulli-Glaser, Brigitte Wolf, Olivier Zimmermann.<\/p>\n<p>Merci aussi au <a href=\"https:\/\/sev-online.ch\/fr\/\" target=\"_blank\" rel=\"noopener\">Syndicat du personnel des transports SEV<\/a> et \u00e0 l&rsquo;<a href=\"https:\/\/www.astag.ch\/home\/\" target=\"_blank\" rel=\"noopener\">Association Suisse des transports routiers ASTAG<\/a>.<\/p>\n\n","protected":false},"excerpt":{"rendered":"<p>Ce reportage a \u00e9t\u00e9 financ\u00e9 en grande partie gr\u00e2ce aux gains d&rsquo;un financement participatif auquel ont pris part plus de 250 personnes. Un grand merci \u00e0 tous ceux dont le soutien \u00e0 permis sa r\u00e9alisation. Nous aimerions nommer les personnes suivantes en r\u00e9compense de leur contribution au financement participatif\u00a0: Rudolf Balmer, Marei Bollinger, Fabio Bontadina, [&hellip;]<\/p>\n","protected":false},"author":8,"featured_media":535,"parent":0,"menu_order":0,"comment_status":"closed","ping_status":"closed","template":"","meta":{"inline_featured_image":false,"_exactmetrics_skip_tracking":false,"_exactmetrics_sitenote_active":false,"_exactmetrics_sitenote_note":"","_exactmetrics_sitenote_category":0,"footnotes":""},"class_list":["post-938","page","type-page","status-publish","has-post-thumbnail","hentry"],"yoast_head":"<!-- This site is optimized with the Yoast SEO plugin v27.1.1 - https:\/\/yoast.com\/product\/yoast-seo-wordpress\/ -->\n<title>Soutien - Vivre en cabine<\/title>\n<meta name=\"robots\" content=\"index, follow, max-snippet:-1, max-image-preview:large, max-video-preview:-1\" \/>\n<link rel=\"canonical\" href=\"https:\/\/reportage.proalps.ch\/fr\/soutien\/\" \/>\n<meta property=\"og:locale\" content=\"fr_FR\" \/>\n<meta property=\"og:type\" content=\"article\" \/>\n<meta property=\"og:title\" content=\"Soutien - Vivre en cabine\" \/>\n<meta property=\"og:description\" content=\"Ce reportage a \u00e9t\u00e9 financ\u00e9 en grande partie gr\u00e2ce aux gains d&rsquo;un financement participatif auquel ont pris part plus de 250 personnes. Un grand merci \u00e0 tous ceux dont le soutien \u00e0 permis sa r\u00e9alisation. Nous aimerions nommer les personnes suivantes en r\u00e9compense de leur contribution au financement participatif\u00a0: Rudolf Balmer, Marei Bollinger, Fabio Bontadina, [&hellip;]\" \/>\n<meta property=\"og:url\" content=\"https:\/\/reportage.proalps.ch\/fr\/soutien\/\" \/>\n<meta property=\"og:site_name\" content=\"Vivre en cabine\" \/>\n<meta property=\"article:modified_time\" content=\"2018-11-21T14:28:36+00:00\" \/>\n<meta property=\"og:image\" content=\"https:\/\/reportage.proalps.ch\/wp-content\/uploads\/2018\/10\/reportage_arbeitsbedingungen_LKW-fabian-biasio5.jpg\" \/>\n\t<meta property=\"og:image:width\" content=\"1280\" \/>\n\t<meta property=\"og:image:height\" content=\"719\" \/>\n\t<meta property=\"og:image:type\" content=\"image\/jpeg\" \/>\n<meta name=\"twitter:card\" content=\"summary_large_image\" \/>\n<script type=\"application\/ld+json\" class=\"yoast-schema-graph\">{\"@context\":\"https:\/\/schema.org\",\"@graph\":[{\"@type\":\"WebPage\",\"@id\":\"https:\/\/reportage.proalps.ch\/fr\/soutien\/\",\"url\":\"https:\/\/reportage.proalps.ch\/fr\/soutien\/\",\"name\":\"Soutien - Vivre en cabine\",\"isPartOf\":{\"@id\":\"https:\/\/reportage.proalps.ch\/#website\"},\"primaryImageOfPage\":{\"@id\":\"https:\/\/reportage.proalps.ch\/fr\/soutien\/#primaryimage\"},\"image\":{\"@id\":\"https:\/\/reportage.proalps.ch\/fr\/soutien\/#primaryimage\"},\"thumbnailUrl\":\"https:\/\/reportage.proalps.ch\/wp-content\/uploads\/2018\/10\/reportage_arbeitsbedingungen_LKW-fabian-biasio5.jpg\",\"datePublished\":\"2018-11-04T18:52:40+00:00\",\"dateModified\":\"2018-11-21T14:28:36+00:00\",\"breadcrumb\":{\"@id\":\"https:\/\/reportage.proalps.ch\/fr\/soutien\/#breadcrumb\"},\"inLanguage\":\"fr-FR\",\"potentialAction\":[{\"@type\":\"ReadAction\",\"target\":[\"https:\/\/reportage.proalps.ch\/fr\/soutien\/\"]}]},{\"@type\":\"ImageObject\",\"inLanguage\":\"fr-FR\",\"@id\":\"https:\/\/reportage.proalps.ch\/fr\/soutien\/#primaryimage\",\"url\":\"https:\/\/reportage.proalps.ch\/wp-content\/uploads\/2018\/10\/reportage_arbeitsbedingungen_LKW-fabian-biasio5.jpg\",\"contentUrl\":\"https:\/\/reportage.proalps.ch\/wp-content\/uploads\/2018\/10\/reportage_arbeitsbedingungen_LKW-fabian-biasio5.jpg\",\"width\":1280,\"height\":719},{\"@type\":\"BreadcrumbList\",\"@id\":\"https:\/\/reportage.proalps.ch\/fr\/soutien\/#breadcrumb\",\"itemListElement\":[{\"@type\":\"ListItem\",\"position\":1,\"name\":\"Startseite\",\"item\":\"https:\/\/reportage.proalps.ch\/fr\/\"},{\"@type\":\"ListItem\",\"position\":2,\"name\":\"Soutien\"}]},{\"@type\":\"WebSite\",\"@id\":\"https:\/\/reportage.proalps.ch\/#website\",\"url\":\"https:\/\/reportage.proalps.ch\/\",\"name\":\"Vivre en cabine\",\"description\":\"De Fabian Biasio (vid\u00e9os et photos) et Susan Boos (textes) \",\"potentialAction\":[{\"@type\":\"SearchAction\",\"target\":{\"@type\":\"EntryPoint\",\"urlTemplate\":\"https:\/\/reportage.proalps.ch\/?s={search_term_string}\"},\"query-input\":{\"@type\":\"PropertyValueSpecification\",\"valueRequired\":true,\"valueName\":\"search_term_string\"}}],\"inLanguage\":\"fr-FR\"}]}<\/script>\n<!-- \/ Yoast SEO plugin. -->","yoast_head_json":{"title":"Soutien - Vivre en cabine","robots":{"index":"index","follow":"follow","max-snippet":"max-snippet:-1","max-image-preview":"max-image-preview:large","max-video-preview":"max-video-preview:-1"},"canonical":"https:\/\/reportage.proalps.ch\/fr\/soutien\/","og_locale":"fr_FR","og_type":"article","og_title":"Soutien - Vivre en cabine","og_description":"Ce reportage a \u00e9t\u00e9 financ\u00e9 en grande partie gr\u00e2ce aux gains d&rsquo;un financement participatif auquel ont pris part plus de 250 personnes. Un grand merci \u00e0 tous ceux dont le soutien \u00e0 permis sa r\u00e9alisation. Nous aimerions nommer les personnes suivantes en r\u00e9compense de leur contribution au financement participatif\u00a0: Rudolf Balmer, Marei Bollinger, Fabio Bontadina, [&hellip;]","og_url":"https:\/\/reportage.proalps.ch\/fr\/soutien\/","og_site_name":"Vivre en cabine","article_modified_time":"2018-11-21T14:28:36+00:00","og_image":[{"width":1280,"height":719,"url":"https:\/\/reportage.proalps.ch\/wp-content\/uploads\/2018\/10\/reportage_arbeitsbedingungen_LKW-fabian-biasio5.jpg","type":"image\/jpeg"}],"twitter_card":"summary_large_image","schema":{"@context":"https:\/\/schema.org","@graph":[{"@type":"WebPage","@id":"https:\/\/reportage.proalps.ch\/fr\/soutien\/","url":"https:\/\/reportage.proalps.ch\/fr\/soutien\/","name":"Soutien - Vivre en cabine","isPartOf":{"@id":"https:\/\/reportage.proalps.ch\/#website"},"primaryImageOfPage":{"@id":"https:\/\/reportage.proalps.ch\/fr\/soutien\/#primaryimage"},"image":{"@id":"https:\/\/reportage.proalps.ch\/fr\/soutien\/#primaryimage"},"thumbnailUrl":"https:\/\/reportage.proalps.ch\/wp-content\/uploads\/2018\/10\/reportage_arbeitsbedingungen_LKW-fabian-biasio5.jpg","datePublished":"2018-11-04T18:52:40+00:00","dateModified":"2018-11-21T14:28:36+00:00","breadcrumb":{"@id":"https:\/\/reportage.proalps.ch\/fr\/soutien\/#breadcrumb"},"inLanguage":"fr-FR","potentialAction":[{"@type":"ReadAction","target":["https:\/\/reportage.proalps.ch\/fr\/soutien\/"]}]},{"@type":"ImageObject","inLanguage":"fr-FR","@id":"https:\/\/reportage.proalps.ch\/fr\/soutien\/#primaryimage","url":"https:\/\/reportage.proalps.ch\/wp-content\/uploads\/2018\/10\/reportage_arbeitsbedingungen_LKW-fabian-biasio5.jpg","contentUrl":"https:\/\/reportage.proalps.ch\/wp-content\/uploads\/2018\/10\/reportage_arbeitsbedingungen_LKW-fabian-biasio5.jpg","width":1280,"height":719},{"@type":"BreadcrumbList","@id":"https:\/\/reportage.proalps.ch\/fr\/soutien\/#breadcrumb","itemListElement":[{"@type":"ListItem","position":1,"name":"Startseite","item":"https:\/\/reportage.proalps.ch\/fr\/"},{"@type":"ListItem","position":2,"name":"Soutien"}]},{"@type":"WebSite","@id":"https:\/\/reportage.proalps.ch\/#website","url":"https:\/\/reportage.proalps.ch\/","name":"Vivre en cabine","description":"De Fabian Biasio (vid\u00e9os et photos) et Susan Boos (textes) ","potentialAction":[{"@type":"SearchAction","target":{"@type":"EntryPoint","urlTemplate":"https:\/\/reportage.proalps.ch\/?s={search_term_string}"},"query-input":{"@type":"PropertyValueSpecification","valueRequired":true,"valueName":"search_term_string"}}],"inLanguage":"fr-FR"}]}},"_links":{"self":[{"href":"https:\/\/reportage.proalps.ch\/fr\/wp-json\/wp\/v2\/pages\/938","targetHints":{"allow":["GET"]}}],"collection":[{"href":"https:\/\/reportage.proalps.ch\/fr\/wp-json\/wp\/v2\/pages"}],"about":[{"href":"https:\/\/reportage.proalps.ch\/fr\/wp-json\/wp\/v2\/types\/page"}],"author":[{"embeddable":true,"href":"https:\/\/reportage.proalps.ch\/fr\/wp-json\/wp\/v2\/users\/8"}],"replies":[{"embeddable":true,"href":"https:\/\/reportage.proalps.ch\/fr\/wp-json\/wp\/v2\/comments?post=938"}],"version-history":[{"count":4,"href":"https:\/\/reportage.proalps.ch\/fr\/wp-json\/wp\/v2\/pages\/938\/revisions"}],"predecessor-version":[{"id":1234,"href":"https:\/\/reportage.proalps.ch\/fr\/wp-json\/wp\/v2\/pages\/938\/revisions\/1234"}],"wp:featuredmedia":[{"embeddable":true,"href":"https:\/\/reportage.proalps.ch\/fr\/wp-json\/wp\/v2\/media\/535"}],"wp:attachment":[{"href":"https:\/\/reportage.proalps.ch\/fr\/wp-json\/wp\/v2\/media?parent=938"}],"curies":[{"name":"wp","href":"https:\/\/api.w.org\/{rel}","templated":true}]}}