{"id":942,"date":"2018-11-10T16:26:04","date_gmt":"2018-11-10T16:26:04","guid":{"rendered":"https:\/\/preview.reportage.alpeninitiative.ch\/fr\/verfasser-in\/"},"modified":"2018-11-15T09:11:47","modified_gmt":"2018-11-15T09:11:47","slug":"realisation","status":"publish","type":"page","link":"https:\/\/reportage.proalps.ch\/fr\/realisation\/","title":{"rendered":"R\u00e9alisation"},"content":{"rendered":"<p>Ce reportage a \u00e9t\u00e9 r\u00e9alis\u00e9 par <a href=\"https:\/\/www.biasio.com\" target=\"_blank\" rel=\"noopener\">Fabian Biasio<\/a> (photos et vid\u00e9os) et Susan Boos (textes) sur mandat de l\u2019Initiative des Alpes.<\/p>\n<h4>Id\u00e9e \/ R\u00e9daction<\/h4>\n<ul>\n<li>Philipp Rohrer &#8211; Responsable de communication de l&rsquo;Initiative des Alpes<\/li>\n<\/ul>\n<h4>Traductions<\/h4>\n<ul>\n<li>Fran\u00e7ais: V\u00e9ronique Petermann<\/li>\n<li>Italien: Werner Herger<\/li>\n<\/ul>\n<h4>Soutien \u00e0 la r\u00e9alisation<\/h4>\n<ul>\n<li>TRIMARIS GmbH<br \/>\nMarc B\u00fchlmann<br \/>\nGrossweidstrasse 5<br \/>\nCH-6010 Kriens<br \/>\n<a href=\"mailto:mail@trimaris.ch\">mail@trimaris.ch<\/a><br \/>\n<a href=\"https:\/\/www.trimaris.ch\" target=\"_blank\" rel=\"noopener\">www.trimaris.ch<\/a><\/li>\n<\/ul>\n","protected":false},"excerpt":{"rendered":"<p>Ce reportage a \u00e9t\u00e9 r\u00e9alis\u00e9 par Fabian Biasio (photos et vid\u00e9os) et Susan Boos (textes) sur mandat de l\u2019Initiative des Alpes. Id\u00e9e \/ R\u00e9daction Philipp Rohrer &#8211; Responsable de communication de l&rsquo;Initiative des Alpes Traductions Fran\u00e7ais: V\u00e9ronique Petermann Italien: Werner Herger Soutien \u00e0 la r\u00e9alisation TRIMARIS GmbH Marc B\u00fchlmann Grossweidstrasse 5 CH-6010 Kriens mail@trimaris.ch www.trimaris.ch<\/p>\n","protected":false},"author":8,"featured_media":696,"parent":0,"menu_order":0,"comment_status":"closed","ping_status":"closed","template":"","meta":{"inline_featured_image":false,"_exactmetrics_skip_tracking":false,"_exactmetrics_sitenote_active":false,"_exactmetrics_sitenote_note":"","_exactmetrics_sitenote_category":0,"footnotes":""},"class_list":["post-942","page","type-page","status-publish","has-post-thumbnail","hentry"],"yoast_head":"<!-- This site is optimized with the Yoast SEO plugin v27.1.1 - https:\/\/yoast.com\/product\/yoast-seo-wordpress\/ -->\n<title>R\u00e9alisation - Vivre en cabine<\/title>\n<meta name=\"robots\" content=\"index, follow, max-snippet:-1, max-image-preview:large, max-video-preview:-1\" \/>\n<link rel=\"canonical\" href=\"https:\/\/reportage.proalps.ch\/fr\/realisation\/\" \/>\n<meta property=\"og:locale\" content=\"fr_FR\" \/>\n<meta property=\"og:type\" content=\"article\" \/>\n<meta property=\"og:title\" content=\"R\u00e9alisation - Vivre en cabine\" \/>\n<meta property=\"og:description\" content=\"Ce reportage a \u00e9t\u00e9 r\u00e9alis\u00e9 par Fabian Biasio (photos et vid\u00e9os) et Susan Boos (textes) sur mandat de l\u2019Initiative des Alpes. Id\u00e9e \/ R\u00e9daction Philipp Rohrer &#8211; Responsable de communication de l&rsquo;Initiative des Alpes Traductions Fran\u00e7ais: V\u00e9ronique Petermann Italien: Werner Herger Soutien \u00e0 la r\u00e9alisation TRIMARIS GmbH Marc B\u00fchlmann Grossweidstrasse 5 CH-6010 Kriens mail@trimaris.ch www.trimaris.ch\" \/>\n<meta property=\"og:url\" content=\"https:\/\/reportage.proalps.ch\/fr\/realisation\/\" \/>\n<meta property=\"og:site_name\" content=\"Vivre en cabine\" \/>\n<meta property=\"article:modified_time\" content=\"2018-11-15T09:11:47+00:00\" \/>\n<meta property=\"og:image\" content=\"https:\/\/reportage.proalps.ch\/wp-content\/uploads\/2018\/11\/reportage_arbeitsbedingungen_LKW-fabian-biasio12.jpg\" \/>\n\t<meta property=\"og:image:width\" content=\"1280\" \/>\n\t<meta property=\"og:image:height\" content=\"720\" \/>\n\t<meta property=\"og:image:type\" content=\"image\/jpeg\" \/>\n<meta name=\"twitter:card\" content=\"summary_large_image\" \/>\n<script type=\"application\/ld+json\" class=\"yoast-schema-graph\">{\"@context\":\"https:\/\/schema.org\",\"@graph\":[{\"@type\":\"WebPage\",\"@id\":\"https:\/\/reportage.proalps.ch\/fr\/realisation\/\",\"url\":\"https:\/\/reportage.proalps.ch\/fr\/realisation\/\",\"name\":\"R\u00e9alisation - Vivre en cabine\",\"isPartOf\":{\"@id\":\"https:\/\/reportage.proalps.ch\/#website\"},\"primaryImageOfPage\":{\"@id\":\"https:\/\/reportage.proalps.ch\/fr\/realisation\/#primaryimage\"},\"image\":{\"@id\":\"https:\/\/reportage.proalps.ch\/fr\/realisation\/#primaryimage\"},\"thumbnailUrl\":\"https:\/\/reportage.proalps.ch\/wp-content\/uploads\/2018\/11\/reportage_arbeitsbedingungen_LKW-fabian-biasio12.jpg\",\"datePublished\":\"2018-11-10T16:26:04+00:00\",\"dateModified\":\"2018-11-15T09:11:47+00:00\",\"breadcrumb\":{\"@id\":\"https:\/\/reportage.proalps.ch\/fr\/realisation\/#breadcrumb\"},\"inLanguage\":\"fr-FR\",\"potentialAction\":[{\"@type\":\"ReadAction\",\"target\":[\"https:\/\/reportage.proalps.ch\/fr\/realisation\/\"]}]},{\"@type\":\"ImageObject\",\"inLanguage\":\"fr-FR\",\"@id\":\"https:\/\/reportage.proalps.ch\/fr\/realisation\/#primaryimage\",\"url\":\"https:\/\/reportage.proalps.ch\/wp-content\/uploads\/2018\/11\/reportage_arbeitsbedingungen_LKW-fabian-biasio12.jpg\",\"contentUrl\":\"https:\/\/reportage.proalps.ch\/wp-content\/uploads\/2018\/11\/reportage_arbeitsbedingungen_LKW-fabian-biasio12.jpg\",\"width\":1280,\"height\":720},{\"@type\":\"BreadcrumbList\",\"@id\":\"https:\/\/reportage.proalps.ch\/fr\/realisation\/#breadcrumb\",\"itemListElement\":[{\"@type\":\"ListItem\",\"position\":1,\"name\":\"Startseite\",\"item\":\"https:\/\/reportage.proalps.ch\/fr\/\"},{\"@type\":\"ListItem\",\"position\":2,\"name\":\"R\u00e9alisation\"}]},{\"@type\":\"WebSite\",\"@id\":\"https:\/\/reportage.proalps.ch\/#website\",\"url\":\"https:\/\/reportage.proalps.ch\/\",\"name\":\"Vivre en cabine\",\"description\":\"De Fabian Biasio (vid\u00e9os et photos) et Susan Boos (textes) \",\"potentialAction\":[{\"@type\":\"SearchAction\",\"target\":{\"@type\":\"EntryPoint\",\"urlTemplate\":\"https:\/\/reportage.proalps.ch\/?s={search_term_string}\"},\"query-input\":{\"@type\":\"PropertyValueSpecification\",\"valueRequired\":true,\"valueName\":\"search_term_string\"}}],\"inLanguage\":\"fr-FR\"}]}<\/script>\n<!-- \/ Yoast SEO plugin. -->","yoast_head_json":{"title":"R\u00e9alisation - Vivre en cabine","robots":{"index":"index","follow":"follow","max-snippet":"max-snippet:-1","max-image-preview":"max-image-preview:large","max-video-preview":"max-video-preview:-1"},"canonical":"https:\/\/reportage.proalps.ch\/fr\/realisation\/","og_locale":"fr_FR","og_type":"article","og_title":"R\u00e9alisation - Vivre en cabine","og_description":"Ce reportage a \u00e9t\u00e9 r\u00e9alis\u00e9 par Fabian Biasio (photos et vid\u00e9os) et Susan Boos (textes) sur mandat de l\u2019Initiative des Alpes. Id\u00e9e \/ R\u00e9daction Philipp Rohrer &#8211; Responsable de communication de l&rsquo;Initiative des Alpes Traductions Fran\u00e7ais: V\u00e9ronique Petermann Italien: Werner Herger Soutien \u00e0 la r\u00e9alisation TRIMARIS GmbH Marc B\u00fchlmann Grossweidstrasse 5 CH-6010 Kriens mail@trimaris.ch www.trimaris.ch","og_url":"https:\/\/reportage.proalps.ch\/fr\/realisation\/","og_site_name":"Vivre en cabine","article_modified_time":"2018-11-15T09:11:47+00:00","og_image":[{"width":1280,"height":720,"url":"https:\/\/reportage.proalps.ch\/wp-content\/uploads\/2018\/11\/reportage_arbeitsbedingungen_LKW-fabian-biasio12.jpg","type":"image\/jpeg"}],"twitter_card":"summary_large_image","schema":{"@context":"https:\/\/schema.org","@graph":[{"@type":"WebPage","@id":"https:\/\/reportage.proalps.ch\/fr\/realisation\/","url":"https:\/\/reportage.proalps.ch\/fr\/realisation\/","name":"R\u00e9alisation - Vivre en cabine","isPartOf":{"@id":"https:\/\/reportage.proalps.ch\/#website"},"primaryImageOfPage":{"@id":"https:\/\/reportage.proalps.ch\/fr\/realisation\/#primaryimage"},"image":{"@id":"https:\/\/reportage.proalps.ch\/fr\/realisation\/#primaryimage"},"thumbnailUrl":"https:\/\/reportage.proalps.ch\/wp-content\/uploads\/2018\/11\/reportage_arbeitsbedingungen_LKW-fabian-biasio12.jpg","datePublished":"2018-11-10T16:26:04+00:00","dateModified":"2018-11-15T09:11:47+00:00","breadcrumb":{"@id":"https:\/\/reportage.proalps.ch\/fr\/realisation\/#breadcrumb"},"inLanguage":"fr-FR","potentialAction":[{"@type":"ReadAction","target":["https:\/\/reportage.proalps.ch\/fr\/realisation\/"]}]},{"@type":"ImageObject","inLanguage":"fr-FR","@id":"https:\/\/reportage.proalps.ch\/fr\/realisation\/#primaryimage","url":"https:\/\/reportage.proalps.ch\/wp-content\/uploads\/2018\/11\/reportage_arbeitsbedingungen_LKW-fabian-biasio12.jpg","contentUrl":"https:\/\/reportage.proalps.ch\/wp-content\/uploads\/2018\/11\/reportage_arbeitsbedingungen_LKW-fabian-biasio12.jpg","width":1280,"height":720},{"@type":"BreadcrumbList","@id":"https:\/\/reportage.proalps.ch\/fr\/realisation\/#breadcrumb","itemListElement":[{"@type":"ListItem","position":1,"name":"Startseite","item":"https:\/\/reportage.proalps.ch\/fr\/"},{"@type":"ListItem","position":2,"name":"R\u00e9alisation"}]},{"@type":"WebSite","@id":"https:\/\/reportage.proalps.ch\/#website","url":"https:\/\/reportage.proalps.ch\/","name":"Vivre en cabine","description":"De Fabian Biasio (vid\u00e9os et photos) et Susan Boos (textes) ","potentialAction":[{"@type":"SearchAction","target":{"@type":"EntryPoint","urlTemplate":"https:\/\/reportage.proalps.ch\/?s={search_term_string}"},"query-input":{"@type":"PropertyValueSpecification","valueRequired":true,"valueName":"search_term_string"}}],"inLanguage":"fr-FR"}]}},"_links":{"self":[{"href":"https:\/\/reportage.proalps.ch\/fr\/wp-json\/wp\/v2\/pages\/942","targetHints":{"allow":["GET"]}}],"collection":[{"href":"https:\/\/reportage.proalps.ch\/fr\/wp-json\/wp\/v2\/pages"}],"about":[{"href":"https:\/\/reportage.proalps.ch\/fr\/wp-json\/wp\/v2\/types\/page"}],"author":[{"embeddable":true,"href":"https:\/\/reportage.proalps.ch\/fr\/wp-json\/wp\/v2\/users\/8"}],"replies":[{"embeddable":true,"href":"https:\/\/reportage.proalps.ch\/fr\/wp-json\/wp\/v2\/comments?post=942"}],"version-history":[{"count":7,"href":"https:\/\/reportage.proalps.ch\/fr\/wp-json\/wp\/v2\/pages\/942\/revisions"}],"predecessor-version":[{"id":995,"href":"https:\/\/reportage.proalps.ch\/fr\/wp-json\/wp\/v2\/pages\/942\/revisions\/995"}],"wp:featuredmedia":[{"embeddable":true,"href":"https:\/\/reportage.proalps.ch\/fr\/wp-json\/wp\/v2\/media\/696"}],"wp:attachment":[{"href":"https:\/\/reportage.proalps.ch\/fr\/wp-json\/wp\/v2\/media?parent=942"}],"curies":[{"name":"wp","href":"https:\/\/api.w.org\/{rel}","templated":true}]}}