{"id":713,"date":"2018-11-08T12:44:22","date_gmt":"2018-11-08T12:44:22","guid":{"rendered":"https:\/\/preview.reportage.alpeninitiative.ch\/it\/?page_id=713"},"modified":"2018-11-13T08:31:25","modified_gmt":"2018-11-13T08:31:25","slug":"jiri-gabrhel-contro-la-posta-tedesca","status":"publish","type":"page","link":"https:\/\/reportage.proalps.ch\/it\/jiri-gabrhel-contro-la-posta-tedesca\/","title":{"rendered":"Jiri Gabrhel contro la posta tedesca"},"content":{"rendered":"<p>In Europa ci sono fra otto e dieci milioni di camionisti. Gran parte di essi sono pagati miseramente, poich\u00e9 il settore dell\u2019autotrasporto \u00e8 stato completamente messo sottosopra con l\u2019estensione a est dell\u2019UE. Nel 2004 i trasportatori dei Paesi Bassi sono stati i primi ad acquisire partecipazioni in ditte polacche, come l\u2019ex camionista e giornalista Jan Bergrath ha scritto nel suo studio \u00ab<a href=\"http:\/\/library.fes.de\/pdf-files\/id-moe\/14197.pdf\" target=\"_blank\" rel=\"noopener\">Wenn m\u00f6glich, bitte wenden<\/a>\u00bb.<\/p>\n<p>All\u2019inizio del 2018 ha fatto notizia il caso di Jiri Gabrhel. Era impiegato presso una ditta della Cechia. Questa ditta lavorava come subappaltatrice della posta tedesca. Il pi\u00f9 delle volte Gabrhel era in viaggio in Germania e solo ogni tre settimana poteva tornare a casa per alcuni giorni. In Germania incapp\u00f2 in un controllo di polizia. Il poliziotto, che parlava il ceco, lo inform\u00f2 che non era legale ci\u00f2 che faceva il suo datore di lavoro. Diede al camionista un volantino di \u00ab<a href=\"http:\/\/www.faire-mobilitaet.de\" target=\"_blank\" rel=\"noopener\">Faire Mobilit\u00e4t<\/a>\u00bb (mobilit\u00e0 equa), un\u2019azione dell\u2019unione sindacale tedesca (Il sito \u00e8 disponibile in diverse lingue, fra cui inglese, polacco, rumeno, ecc.)<\/p>\n<p>Insieme al sindacato, il camionista inoltr\u00f2 una denuncia contro la posta tedesca. La ditta subappaltatrice, per la quale lavorava, non manc\u00f2 di licenziarlo. La posta tedesca contest\u00f2 le accuse. Tuttavia, poco prima del processo, si accordo extra-giudizialmente con Gabrhel e gli vers\u00f2 la somma richiesta \u2013 cio\u00e8 il mancato salario che gli sarebbe spettato, se fosse stato correttamente pagato secondo il diritto tedesco. Cos\u00ec la posta ha evitato un precedente giudiziario. Una decisione da parte di un tribunale sarebbe per\u00f2 urgentemente necessaria. Attualmente i sindacati preparano una seconda querela in un caso analogo.<\/p>\n","protected":false},"excerpt":{"rendered":"<p>In Europa ci sono fra otto e dieci milioni di camionisti. Gran parte di essi sono pagati miseramente, poich\u00e9 il settore dell\u2019autotrasporto \u00e8 stato completamente messo sottosopra con l\u2019estensione a est dell\u2019UE. Nel 2004 i trasportatori dei Paesi Bassi sono stati i primi ad acquisire partecipazioni in ditte polacche, come l\u2019ex camionista e giornalista Jan [&hellip;]<\/p>\n","protected":false},"author":8,"featured_media":725,"parent":0,"menu_order":0,"comment_status":"closed","ping_status":"closed","template":"","meta":{"inline_featured_image":false,"_exactmetrics_skip_tracking":false,"_exactmetrics_sitenote_active":false,"_exactmetrics_sitenote_note":"","_exactmetrics_sitenote_category":0,"footnotes":""},"class_list":["post-713","page","type-page","status-publish","has-post-thumbnail","hentry"],"yoast_head":"<!-- This site is optimized with the Yoast SEO plugin v27.1.1 - https:\/\/yoast.com\/product\/yoast-seo-wordpress\/ -->\n<title>Jiri Gabrhel contro la posta tedesca - La vita nell\u2019abitacolo<\/title>\n<meta name=\"robots\" content=\"index, follow, max-snippet:-1, max-image-preview:large, max-video-preview:-1\" \/>\n<link rel=\"canonical\" href=\"https:\/\/reportage.proalps.ch\/it\/jiri-gabrhel-contro-la-posta-tedesca\/\" \/>\n<meta property=\"og:locale\" content=\"it_IT\" \/>\n<meta property=\"og:type\" content=\"article\" \/>\n<meta property=\"og:title\" content=\"Jiri Gabrhel contro la posta tedesca - La vita nell\u2019abitacolo\" \/>\n<meta property=\"og:description\" content=\"In Europa ci sono fra otto e dieci milioni di camionisti. Gran parte di essi sono pagati miseramente, poich\u00e9 il settore dell\u2019autotrasporto \u00e8 stato completamente messo sottosopra con l\u2019estensione a est dell\u2019UE. Nel 2004 i trasportatori dei Paesi Bassi sono stati i primi ad acquisire partecipazioni in ditte polacche, come l\u2019ex camionista e giornalista Jan [&hellip;]\" \/>\n<meta property=\"og:url\" content=\"https:\/\/reportage.proalps.ch\/it\/jiri-gabrhel-contro-la-posta-tedesca\/\" \/>\n<meta property=\"og:site_name\" content=\"La vita nell\u2019abitacolo\" \/>\n<meta property=\"article:modified_time\" content=\"2018-11-13T08:31:25+00:00\" \/>\n<meta property=\"og:image\" content=\"https:\/\/reportage.proalps.ch\/wp-content\/uploads\/2018\/11\/reportage_arbeitsbedingungen_LKW-fabian-biasio0a.jpg\" \/>\n\t<meta property=\"og:image:width\" content=\"1280\" \/>\n\t<meta property=\"og:image:height\" content=\"853\" \/>\n\t<meta property=\"og:image:type\" content=\"image\/jpeg\" \/>\n<meta name=\"twitter:card\" content=\"summary_large_image\" \/>\n<meta name=\"twitter:label1\" content=\"Tempo di lettura stimato\" \/>\n\t<meta name=\"twitter:data1\" content=\"1 minuto\" \/>\n<script type=\"application\/ld+json\" class=\"yoast-schema-graph\">{\"@context\":\"https:\/\/schema.org\",\"@graph\":[{\"@type\":\"WebPage\",\"@id\":\"https:\/\/reportage.proalps.ch\/it\/jiri-gabrhel-contro-la-posta-tedesca\/\",\"url\":\"https:\/\/reportage.proalps.ch\/it\/jiri-gabrhel-contro-la-posta-tedesca\/\",\"name\":\"Jiri Gabrhel contro la posta tedesca - La vita nell\u2019abitacolo\",\"isPartOf\":{\"@id\":\"https:\/\/reportage.proalps.ch\/#website\"},\"primaryImageOfPage\":{\"@id\":\"https:\/\/reportage.proalps.ch\/it\/jiri-gabrhel-contro-la-posta-tedesca\/#primaryimage\"},\"image\":{\"@id\":\"https:\/\/reportage.proalps.ch\/it\/jiri-gabrhel-contro-la-posta-tedesca\/#primaryimage\"},\"thumbnailUrl\":\"https:\/\/reportage.proalps.ch\/wp-content\/uploads\/2018\/11\/reportage_arbeitsbedingungen_LKW-fabian-biasio0a.jpg\",\"datePublished\":\"2018-11-08T12:44:22+00:00\",\"dateModified\":\"2018-11-13T08:31:25+00:00\",\"breadcrumb\":{\"@id\":\"https:\/\/reportage.proalps.ch\/it\/jiri-gabrhel-contro-la-posta-tedesca\/#breadcrumb\"},\"inLanguage\":\"it-IT\",\"potentialAction\":[{\"@type\":\"ReadAction\",\"target\":[\"https:\/\/reportage.proalps.ch\/it\/jiri-gabrhel-contro-la-posta-tedesca\/\"]}]},{\"@type\":\"ImageObject\",\"inLanguage\":\"it-IT\",\"@id\":\"https:\/\/reportage.proalps.ch\/it\/jiri-gabrhel-contro-la-posta-tedesca\/#primaryimage\",\"url\":\"https:\/\/reportage.proalps.ch\/wp-content\/uploads\/2018\/11\/reportage_arbeitsbedingungen_LKW-fabian-biasio0a.jpg\",\"contentUrl\":\"https:\/\/reportage.proalps.ch\/wp-content\/uploads\/2018\/11\/reportage_arbeitsbedingungen_LKW-fabian-biasio0a.jpg\",\"width\":1280,\"height\":853},{\"@type\":\"BreadcrumbList\",\"@id\":\"https:\/\/reportage.proalps.ch\/it\/jiri-gabrhel-contro-la-posta-tedesca\/#breadcrumb\",\"itemListElement\":[{\"@type\":\"ListItem\",\"position\":1,\"name\":\"Startseite\",\"item\":\"https:\/\/reportage.proalps.ch\/it\/\"},{\"@type\":\"ListItem\",\"position\":2,\"name\":\"Jiri Gabrhel contro la posta tedesca\"}]},{\"@type\":\"WebSite\",\"@id\":\"https:\/\/reportage.proalps.ch\/#website\",\"url\":\"https:\/\/reportage.proalps.ch\/\",\"name\":\"La vita nell\u2019abitacolo\",\"description\":\"Di Fabian Biasio (video, foto) e Susan Boos (testo) \",\"potentialAction\":[{\"@type\":\"SearchAction\",\"target\":{\"@type\":\"EntryPoint\",\"urlTemplate\":\"https:\/\/reportage.proalps.ch\/?s={search_term_string}\"},\"query-input\":{\"@type\":\"PropertyValueSpecification\",\"valueRequired\":true,\"valueName\":\"search_term_string\"}}],\"inLanguage\":\"it-IT\"}]}<\/script>\n<!-- \/ Yoast SEO plugin. -->","yoast_head_json":{"title":"Jiri Gabrhel contro la posta tedesca - La vita nell\u2019abitacolo","robots":{"index":"index","follow":"follow","max-snippet":"max-snippet:-1","max-image-preview":"max-image-preview:large","max-video-preview":"max-video-preview:-1"},"canonical":"https:\/\/reportage.proalps.ch\/it\/jiri-gabrhel-contro-la-posta-tedesca\/","og_locale":"it_IT","og_type":"article","og_title":"Jiri Gabrhel contro la posta tedesca - La vita nell\u2019abitacolo","og_description":"In Europa ci sono fra otto e dieci milioni di camionisti. Gran parte di essi sono pagati miseramente, poich\u00e9 il settore dell\u2019autotrasporto \u00e8 stato completamente messo sottosopra con l\u2019estensione a est dell\u2019UE. Nel 2004 i trasportatori dei Paesi Bassi sono stati i primi ad acquisire partecipazioni in ditte polacche, come l\u2019ex camionista e giornalista Jan [&hellip;]","og_url":"https:\/\/reportage.proalps.ch\/it\/jiri-gabrhel-contro-la-posta-tedesca\/","og_site_name":"La vita nell\u2019abitacolo","article_modified_time":"2018-11-13T08:31:25+00:00","og_image":[{"width":1280,"height":853,"url":"https:\/\/reportage.proalps.ch\/wp-content\/uploads\/2018\/11\/reportage_arbeitsbedingungen_LKW-fabian-biasio0a.jpg","type":"image\/jpeg"}],"twitter_card":"summary_large_image","twitter_misc":{"Tempo di lettura stimato":"1 minuto"},"schema":{"@context":"https:\/\/schema.org","@graph":[{"@type":"WebPage","@id":"https:\/\/reportage.proalps.ch\/it\/jiri-gabrhel-contro-la-posta-tedesca\/","url":"https:\/\/reportage.proalps.ch\/it\/jiri-gabrhel-contro-la-posta-tedesca\/","name":"Jiri Gabrhel contro la posta tedesca - La vita nell\u2019abitacolo","isPartOf":{"@id":"https:\/\/reportage.proalps.ch\/#website"},"primaryImageOfPage":{"@id":"https:\/\/reportage.proalps.ch\/it\/jiri-gabrhel-contro-la-posta-tedesca\/#primaryimage"},"image":{"@id":"https:\/\/reportage.proalps.ch\/it\/jiri-gabrhel-contro-la-posta-tedesca\/#primaryimage"},"thumbnailUrl":"https:\/\/reportage.proalps.ch\/wp-content\/uploads\/2018\/11\/reportage_arbeitsbedingungen_LKW-fabian-biasio0a.jpg","datePublished":"2018-11-08T12:44:22+00:00","dateModified":"2018-11-13T08:31:25+00:00","breadcrumb":{"@id":"https:\/\/reportage.proalps.ch\/it\/jiri-gabrhel-contro-la-posta-tedesca\/#breadcrumb"},"inLanguage":"it-IT","potentialAction":[{"@type":"ReadAction","target":["https:\/\/reportage.proalps.ch\/it\/jiri-gabrhel-contro-la-posta-tedesca\/"]}]},{"@type":"ImageObject","inLanguage":"it-IT","@id":"https:\/\/reportage.proalps.ch\/it\/jiri-gabrhel-contro-la-posta-tedesca\/#primaryimage","url":"https:\/\/reportage.proalps.ch\/wp-content\/uploads\/2018\/11\/reportage_arbeitsbedingungen_LKW-fabian-biasio0a.jpg","contentUrl":"https:\/\/reportage.proalps.ch\/wp-content\/uploads\/2018\/11\/reportage_arbeitsbedingungen_LKW-fabian-biasio0a.jpg","width":1280,"height":853},{"@type":"BreadcrumbList","@id":"https:\/\/reportage.proalps.ch\/it\/jiri-gabrhel-contro-la-posta-tedesca\/#breadcrumb","itemListElement":[{"@type":"ListItem","position":1,"name":"Startseite","item":"https:\/\/reportage.proalps.ch\/it\/"},{"@type":"ListItem","position":2,"name":"Jiri Gabrhel contro la posta tedesca"}]},{"@type":"WebSite","@id":"https:\/\/reportage.proalps.ch\/#website","url":"https:\/\/reportage.proalps.ch\/","name":"La vita nell\u2019abitacolo","description":"Di Fabian Biasio (video, foto) e Susan Boos (testo) ","potentialAction":[{"@type":"SearchAction","target":{"@type":"EntryPoint","urlTemplate":"https:\/\/reportage.proalps.ch\/?s={search_term_string}"},"query-input":{"@type":"PropertyValueSpecification","valueRequired":true,"valueName":"search_term_string"}}],"inLanguage":"it-IT"}]}},"_links":{"self":[{"href":"https:\/\/reportage.proalps.ch\/it\/wp-json\/wp\/v2\/pages\/713","targetHints":{"allow":["GET"]}}],"collection":[{"href":"https:\/\/reportage.proalps.ch\/it\/wp-json\/wp\/v2\/pages"}],"about":[{"href":"https:\/\/reportage.proalps.ch\/it\/wp-json\/wp\/v2\/types\/page"}],"author":[{"embeddable":true,"href":"https:\/\/reportage.proalps.ch\/it\/wp-json\/wp\/v2\/users\/8"}],"replies":[{"embeddable":true,"href":"https:\/\/reportage.proalps.ch\/it\/wp-json\/wp\/v2\/comments?post=713"}],"version-history":[{"count":1,"href":"https:\/\/reportage.proalps.ch\/it\/wp-json\/wp\/v2\/pages\/713\/revisions"}],"predecessor-version":[{"id":714,"href":"https:\/\/reportage.proalps.ch\/it\/wp-json\/wp\/v2\/pages\/713\/revisions\/714"}],"wp:featuredmedia":[{"embeddable":true,"href":"https:\/\/reportage.proalps.ch\/it\/wp-json\/wp\/v2\/media\/725"}],"wp:attachment":[{"href":"https:\/\/reportage.proalps.ch\/it\/wp-json\/wp\/v2\/media?parent=713"}],"curies":[{"name":"wp","href":"https:\/\/api.w.org\/{rel}","templated":true}]}}